{"id":220,"date":"2020-04-20T15:26:30","date_gmt":"2020-04-20T08:26:30","guid":{"rendered":"http:\/\/mlbuilding.com\/?page_id=220"},"modified":"2025-11-07T08:07:50","modified_gmt":"2025-11-07T01:07:50","slug":"contact","status":"publish","type":"page","link":"https:\/\/mlbuilding.com\/vi\/contact\/","title":{"rendered":"Li\u00ean h\u1ec7"},"content":{"rendered":"<div data-elementor-type=\"wp-page\" data-elementor-id=\"220\" class=\"elementor elementor-220\">\n\t\t\t\t\t\t<section class=\"elementor-section elementor-top-section elementor-element elementor-element-ffb74d2 elementor-section-stretched elementor-section-boxed elementor-section-height-default elementor-section-height-default\" data-id=\"ffb74d2\" data-element_type=\"section\" data-settings=\"{&quot;background_background&quot;:&quot;classic&quot;,&quot;stretch_section&quot;:&quot;section-stretched&quot;}\">\n\t\t\t\t\t\t<div class=\"elementor-container elementor-column-gap-default\">\n\t\t\t\t\t<div class=\"elementor-column elementor-col-100 elementor-top-column elementor-element elementor-element-593c90a\" data-id=\"593c90a\" data-element_type=\"column\" data-settings=\"{&quot;background_background&quot;:&quot;classic&quot;}\">\n\t\t\t<div class=\"elementor-widget-wrap elementor-element-populated\">\n\t\t\t\t\t\t<div class=\"elementor-element elementor-element-f4d7bea elementor-widget elementor-widget-heading\" data-id=\"f4d7bea\" data-element_type=\"widget\" data-widget_type=\"heading.default\">\n\t\t\t\t<div class=\"elementor-widget-container\">\n\t\t\t\t\t<h3 class=\"elementor-heading-title elementor-size-large\">Li\u00ean h\u1ec7 v\u1edbi ch\u00fang t\u00f4i<\/h3>\t\t\t\t<\/div>\n\t\t\t\t<\/div>\n\t\t\t\t<section class=\"elementor-section elementor-inner-section elementor-element elementor-element-f845cca elementor-section-boxed elementor-section-height-default elementor-section-height-default\" data-id=\"f845cca\" data-element_type=\"section\">\n\t\t\t\t\t\t<div class=\"elementor-container elementor-column-gap-default\">\n\t\t\t\t\t<div class=\"elementor-column elementor-col-33 elementor-inner-column elementor-element elementor-element-eadc17c\" data-id=\"eadc17c\" data-element_type=\"column\">\n\t\t\t<div class=\"elementor-widget-wrap elementor-element-populated\">\n\t\t\t\t\t\t<div class=\"elementor-element elementor-element-bde5035 elementor-view-default elementor-position-top elementor-mobile-position-top elementor-widget elementor-widget-icon-box\" data-id=\"bde5035\" data-element_type=\"widget\" data-widget_type=\"icon-box.default\">\n\t\t\t\t<div class=\"elementor-widget-container\">\n\t\t\t\t\t\t\t<div class=\"elementor-icon-box-wrapper\">\n\n\t\t\t\t\t\t<div class=\"elementor-icon-box-icon\">\n\t\t\t\t<a href=\"https:\/\/maps.app.goo.gl\/4cocJQsAfDZDgZWr8\" class=\"elementor-icon\" tabindex=\"-1\" aria-label=\"38 \u0110\u01b0\u1eddng s\u1ed1 14, Khu ph\u1ed1 5, Ph\u01b0\u1eddng Hi\u1ec7p B\u00ecnh Ch\u00e1nh, Qu\u1eadn Th\u1ee7 \u0110\u1ee9c, TP.HCM\">\n\t\t\t\t<i aria-hidden=\"true\" class=\"fas fa-home\"><\/i>\t\t\t\t<\/a>\n\t\t\t<\/div>\n\t\t\t\n\t\t\t\t\t\t<div class=\"elementor-icon-box-content\">\n\n\t\t\t\t\t\t\t\t\t<h3 class=\"elementor-icon-box-title\">\n\t\t\t\t\t\t<a href=\"https:\/\/maps.app.goo.gl\/4cocJQsAfDZDgZWr8\" >\n\t\t\t\t\t\t\t38 \u0110\u01b0\u1eddng s\u1ed1 14, Khu ph\u1ed1 5, Ph\u01b0\u1eddng Hi\u1ec7p B\u00ecnh Ch\u00e1nh, Qu\u1eadn Th\u1ee7 \u0110\u1ee9c, TP.HCM\t\t\t\t\t\t<\/a>\n\t\t\t\t\t<\/h3>\n\t\t\t\t\n\t\t\t\t\n\t\t\t<\/div>\n\t\t\t\n\t\t<\/div>\n\t\t\t\t\t\t<\/div>\n\t\t\t\t<\/div>\n\t\t\t\t\t<\/div>\n\t\t<\/div>\n\t\t\t\t<div class=\"elementor-column elementor-col-33 elementor-inner-column elementor-element elementor-element-bffba5d\" data-id=\"bffba5d\" data-element_type=\"column\">\n\t\t\t<div class=\"elementor-widget-wrap elementor-element-populated\">\n\t\t\t\t\t\t<div class=\"elementor-element elementor-element-ad6b735 elementor-view-default elementor-position-top elementor-mobile-position-top elementor-widget elementor-widget-icon-box\" data-id=\"ad6b735\" data-element_type=\"widget\" data-widget_type=\"icon-box.default\">\n\t\t\t\t<div class=\"elementor-widget-container\">\n\t\t\t\t\t\t\t<div class=\"elementor-icon-box-wrapper\">\n\n\t\t\t\t\t\t<div class=\"elementor-icon-box-icon\">\n\t\t\t\t<span  class=\"elementor-icon\">\n\t\t\t\t<i aria-hidden=\"true\" class=\"fas fa-phone\"><\/i>\t\t\t\t<\/span>\n\t\t\t<\/div>\n\t\t\t\n\t\t\t\t\t\t<div class=\"elementor-icon-box-content\">\n\n\t\t\t\t\t\t\t\t\t<h3 class=\"elementor-icon-box-title\">\n\t\t\t\t\t\t<span  >\n\t\t\t\t\t\t\t+84 (0) 2837 262 227\t\t\t\t\t\t<\/span>\n\t\t\t\t\t<\/h3>\n\t\t\t\t\n\t\t\t\t\n\t\t\t<\/div>\n\t\t\t\n\t\t<\/div>\n\t\t\t\t\t\t<\/div>\n\t\t\t\t<\/div>\n\t\t\t\t\t<\/div>\n\t\t<\/div>\n\t\t\t\t<div class=\"elementor-column elementor-col-33 elementor-inner-column elementor-element elementor-element-5abb049\" data-id=\"5abb049\" data-element_type=\"column\">\n\t\t\t<div class=\"elementor-widget-wrap elementor-element-populated\">\n\t\t\t\t\t\t<div class=\"elementor-element elementor-element-62dcef2 elementor-view-default elementor-position-top elementor-mobile-position-top elementor-widget elementor-widget-icon-box\" data-id=\"62dcef2\" data-element_type=\"widget\" data-widget_type=\"icon-box.default\">\n\t\t\t\t<div class=\"elementor-widget-container\">\n\t\t\t\t\t\t\t<div class=\"elementor-icon-box-wrapper\">\n\n\t\t\t\t\t\t<div class=\"elementor-icon-box-icon\">\n\t\t\t\t<span  class=\"elementor-icon\">\n\t\t\t\t<i aria-hidden=\"true\" class=\"fas fa-envelope\"><\/i>\t\t\t\t<\/span>\n\t\t\t<\/div>\n\t\t\t\n\t\t\t\t\t\t<div class=\"elementor-icon-box-content\">\n\n\t\t\t\t\t\t\t\t\t<h3 class=\"elementor-icon-box-title\">\n\t\t\t\t\t\t<span  >\n\t\t\t\t\t\t\tinfo@mlbuilding-vn.com\t\t\t\t\t\t<\/span>\n\t\t\t\t\t<\/h3>\n\t\t\t\t\n\t\t\t\t\n\t\t\t<\/div>\n\t\t\t\n\t\t<\/div>\n\t\t\t\t\t\t<\/div>\n\t\t\t\t<\/div>\n\t\t\t\t\t<\/div>\n\t\t<\/div>\n\t\t\t\t\t<\/div>\n\t\t<\/section>\n\t\t\t\t<div class=\"elementor-element elementor-element-1117f65 elementor-widget elementor-widget-google_maps\" data-id=\"1117f65\" data-element_type=\"widget\" data-widget_type=\"google_maps.default\">\n\t\t\t\t<div class=\"elementor-widget-container\">\n\t\t\t\t\t\t\t<div class=\"elementor-custom-embed\">\n\t\t\t<iframe loading=\"lazy\"\n\t\t\t\t\tsrc=\"https:\/\/maps.google.com\/maps?q=c%C3%B4ng%20ty%20TNHH%20Minh%20Lam%2038%20S%E1%BB%91%2014%2C%20KP%2032%2C%20Th%E1%BB%A7%20%C4%90%E1%BB%A9c%2C%20Th%C3%A0nh%20ph%E1%BB%91%20H%E1%BB%93%20Ch%C3%AD%20Minh%20700000&#038;t=m&#038;z=16&#038;output=embed&#038;iwloc=near\"\n\t\t\t\t\ttitle=\"c\u00f4ng ty TNHH Minh Lam 38 S\u1ed1 14, KP 32, Th\u1ee7 \u0110\u1ee9c, Th\u00e0nh ph\u1ed1 H\u1ed3 Ch\u00ed Minh 700000\"\n\t\t\t\t\taria-label=\"c\u00f4ng ty TNHH Minh Lam 38 S\u1ed1 14, KP 32, Th\u1ee7 \u0110\u1ee9c, Th\u00e0nh ph\u1ed1 H\u1ed3 Ch\u00ed Minh 700000\"\n\t\t\t><\/iframe>\n\t\t<\/div>\n\t\t\t\t\t\t<\/div>\n\t\t\t\t<\/div>\n\t\t\t\t\t<\/div>\n\t\t<\/div>\n\t\t\t\t\t<\/div>\n\t\t<\/section>\n\t\t\t\t<section class=\"elementor-section elementor-top-section elementor-element elementor-element-73871956 elementor-section-content-middle elementor-section-boxed elementor-section-height-default elementor-section-height-default\" data-id=\"73871956\" data-element_type=\"section\">\n\t\t\t\t\t\t<div class=\"elementor-container elementor-column-gap-no\">\n\t\t\t\t\t<div class=\"elementor-column elementor-col-100 elementor-top-column elementor-element elementor-element-25c57c27\" data-id=\"25c57c27\" data-element_type=\"column\">\n\t\t\t<div class=\"elementor-widget-wrap elementor-element-populated\">\n\t\t\t\t\t\t<div class=\"elementor-element elementor-element-70a5f762 elementor-widget elementor-widget-heading\" data-id=\"70a5f762\" data-element_type=\"widget\" data-widget_type=\"heading.default\">\n\t\t\t\t<div class=\"elementor-widget-container\">\n\t\t\t\t\t<h4 class=\"elementor-heading-title elementor-size-default\">\u0110\u00e1nh gi\u00e1 c\u1ee7a kh\u00e1ch h\u00e0ng<\/h4>\t\t\t\t<\/div>\n\t\t\t\t<\/div>\n\t\t\t\t<section class=\"elementor-section elementor-inner-section elementor-element elementor-element-51987d7c elementor-section-boxed elementor-section-height-default elementor-section-height-default\" data-id=\"51987d7c\" data-element_type=\"section\">\n\t\t\t\t\t\t<div class=\"elementor-container elementor-column-gap-default\">\n\t\t\t\t\t<div class=\"elementor-column elementor-col-100 elementor-inner-column elementor-element elementor-element-b3e2162\" data-id=\"b3e2162\" data-element_type=\"column\">\n\t\t\t<div class=\"elementor-widget-wrap elementor-element-populated\">\n\t\t\t\t\t\t<div class=\"elementor-element elementor-element-3d294ca6 elementor-widget elementor-widget-testimonial\" data-id=\"3d294ca6\" data-element_type=\"widget\" data-widget_type=\"testimonial.default\">\n\t\t\t\t<div class=\"elementor-widget-container\">\n\t\t\t\t\t\t\t<div class=\"elementor-testimonial-wrapper\">\n\t\t\t\t\t\t\t<div class=\"elementor-testimonial-content\"><span style=\"font-family: arial, sans-serif;font-size: 16px;font-style: normal;font-weight: 400;letter-spacing: normal;white-space: normal\">\u201c<\/span>S\u1ef1 chuy\u00ean m\u00f4n, t\u1eadn t\u00e2m v\u00e0 nhi\u1ec7t t\u00ecnh c\u1ee7a Minh Lam trong vi\u1ec7c t\u01b0 v\u1ea5n cho Gameloft l\u00e0 minh ch\u1ee9ng cho th\u00e0nh qu\u1ea3 th\u00e0nh c\u00f4ng m\u00e0 ch\u00fang t\u00f4i \u0111\u1ea1t \u0111\u01b0\u1ee3c ng\u00e0y h\u00f4m nay.<span style=\"font-family: arial, sans-serif;font-size: 16px;font-style: normal;font-weight: 400;letter-spacing: normal;white-space: normal\">\u201c<\/span><\/div>\n\t\t\t\n\t\t\t\t\t\t<div class=\"elementor-testimonial-meta elementor-has-image elementor-testimonial-image-position-aside\">\n\t\t\t\t<div class=\"elementor-testimonial-meta-inner\">\n\t\t\t\t\t\t\t\t\t\t\t<div class=\"elementor-testimonial-image\">\n\t\t\t\t\t\t\t<img decoding=\"async\" src=\"http:\/\/mlbuilding.com\/wp-content\/uploads\/2020\/04\/ava4.png\" title=\"\" alt=\"\" loading=\"lazy\" \/>\t\t\t\t\t\t<\/div>\n\t\t\t\t\t\n\t\t\t\t\t\t\t\t\t\t<div class=\"elementor-testimonial-details\">\n\t\t\t\t\t\t\t\t\t\t\t\t\t\t<div class=\"elementor-testimonial-name\">SEBASTIEN A.<\/div>\n\t\t\t\t\t\t\t\t\t\t\t\t\t\t\t\t\t\t\t\t\t\t<div class=\"elementor-testimonial-job\">T\u1ed5ng gi\u00e1m \u0111\u1ed1c<br>C\u00f4ng ty TNHH Gameloft.<\/div>\n\t\t\t\t\t\t\t\t\t\t\t\t\t<\/div>\n\t\t\t\t\t\t\t\t\t<\/div>\n\t\t\t<\/div>\n\t\t\t\t\t<\/div>\n\t\t\t\t\t\t<\/div>\n\t\t\t\t<\/div>\n\t\t\t\t\t<\/div>\n\t\t<\/div>\n\t\t\t\t\t<\/div>\n\t\t<\/section>\n\t\t\t\t\t<\/div>\n\t\t<\/div>\n\t\t\t\t\t<\/div>\n\t\t<\/section>\n\t\t\t\t<section class=\"elementor-section elementor-top-section elementor-element elementor-element-c8a7184 elementor-section-boxed elementor-section-height-default elementor-section-height-default\" data-id=\"c8a7184\" data-element_type=\"section\">\n\t\t\t\t\t\t<div class=\"elementor-container elementor-column-gap-default\">\n\t\t\t\t\t<div class=\"elementor-column elementor-col-33 elementor-top-column elementor-element elementor-element-f8a1e2e\" data-id=\"f8a1e2e\" data-element_type=\"column\" data-settings=\"{&quot;background_background&quot;:&quot;classic&quot;}\">\n\t\t\t<div class=\"elementor-widget-wrap\">\n\t\t\t\t\t\t\t<\/div>\n\t\t<\/div>\n\t\t\t\t<div class=\"elementor-column elementor-col-66 elementor-top-column elementor-element elementor-element-b346b70\" data-id=\"b346b70\" data-element_type=\"column\">\n\t\t\t<div class=\"elementor-widget-wrap\">\n\t\t\t\t\t\t\t<\/div>\n\t\t<\/div>\n\t\t\t\t\t<\/div>\n\t\t<\/section>\n\t\t\t\t<\/div>","protected":false},"excerpt":{"rendered":"<p>Contact Us 38 Street No.14, Quarter 5, Hiep Binh Chanh Ward, District Thu Duc, HCMC +84 (0) 2837 262 227 info@mlbuilding-vn.com Customer reviews \u201cMinh Lam&#8217;s expertise, dedication and enthusiasm in advising Gameloft is a testimony of the successful conclusion we have achieved today.\u201c SEBASTIEN A. General DirectorGameloft Co. ltd.<\/p>","protected":false},"author":1,"featured_media":0,"parent":0,"menu_order":0,"comment_status":"closed","ping_status":"closed","template":"elementor_header_footer","meta":{"site-sidebar-layout":"default","site-content-layout":"","ast-site-content-layout":"default","site-content-style":"default","site-sidebar-style":"default","ast-global-header-display":"","ast-banner-title-visibility":"","ast-main-header-display":"","ast-hfb-above-header-display":"","ast-hfb-below-header-display":"","ast-hfb-mobile-header-display":"","site-post-title":"","ast-breadcrumbs-content":"","ast-featured-img":"","footer-sml-layout":"","theme-transparent-header-meta":"","adv-header-id-meta":"","stick-header-meta":"","header-above-stick-meta":"","header-main-stick-meta":"","header-below-stick-meta":"","astra-migrate-meta-layouts":"set","ast-page-background-enabled":"default","ast-page-background-meta":{"desktop":{"background-color":"","background-image":"","background-repeat":"repeat","background-position":"center center","background-size":"auto","background-attachment":"scroll","background-type":"","background-media":"","overlay-type":"","overlay-color":"","overlay-gradient":""},"tablet":{"background-color":"","background-image":"","background-repeat":"repeat","background-position":"center center","background-size":"auto","background-attachment":"scroll","background-type":"","background-media":"","overlay-type":"","overlay-color":"","overlay-gradient":""},"mobile":{"background-color":"","background-image":"","background-repeat":"repeat","background-position":"center center","background-size":"auto","background-attachment":"scroll","background-type":"","background-media":"","overlay-type":"","overlay-color":"","overlay-gradient":""}},"ast-content-background-meta":{"desktop":{"background-color":"var(--ast-global-color-5)","background-image":"","background-repeat":"repeat","background-position":"center center","background-size":"auto","background-attachment":"scroll","background-type":"","background-media":"","overlay-type":"","overlay-color":"","overlay-gradient":""},"tablet":{"background-color":"var(--ast-global-color-5)","background-image":"","background-repeat":"repeat","background-position":"center center","background-size":"auto","background-attachment":"scroll","background-type":"","background-media":"","overlay-type":"","overlay-color":"","overlay-gradient":""},"mobile":{"background-color":"var(--ast-global-color-5)","background-image":"","background-repeat":"repeat","background-position":"center center","background-size":"auto","background-attachment":"scroll","background-type":"","background-media":"","overlay-type":"","overlay-color":"","overlay-gradient":""}},"footnotes":""},"class_list":["post-220","page","type-page","status-publish","hentry"],"yoast_head":"<!-- This site is optimized with the Yoast SEO plugin v26.3 - https:\/\/yoast.com\/wordpress\/plugins\/seo\/ -->\n<title>Contact - Mlbuilding MLB Construction company near me Ho Chi Minh<\/title>\n<meta name=\"description\" content=\"Contact MLB, the premier construction company in Ho Chi Minh City, specializing in commercial and industrial projects with a skilled team.\" \/>\n<meta name=\"robots\" content=\"index, follow, max-snippet:-1, max-image-preview:large, max-video-preview:-1\" \/>\n<link rel=\"canonical\" href=\"https:\/\/mlbuilding.com\/vi\/contact\/\" \/>\n<meta property=\"og:locale\" content=\"vi_VN\" \/>\n<meta property=\"og:type\" content=\"article\" \/>\n<meta property=\"og:title\" content=\"Contact - Mlbuilding MLB Construction company near me Ho Chi Minh\" \/>\n<meta property=\"og:description\" content=\"Contact MLB, the premier construction company in Ho Chi Minh City, specializing in commercial and industrial projects with a skilled team.\" \/>\n<meta property=\"og:url\" content=\"https:\/\/mlbuilding.com\/vi\/contact\/\" \/>\n<meta property=\"og:site_name\" content=\"Mlbuilding\" \/>\n<meta property=\"article:modified_time\" content=\"2025-11-07T01:07:50+00:00\" \/>\n<meta property=\"og:image\" content=\"http:\/\/mlbuilding.com\/wp-content\/uploads\/2020\/04\/ava4.png\" \/>\n<meta name=\"twitter:card\" content=\"summary_large_image\" \/>\n<meta name=\"twitter:label1\" content=\"\u01af\u1edbc t\u00ednh th\u1eddi gian \u0111\u1ecdc\" \/>\n\t<meta name=\"twitter:data1\" content=\"1 ph\u00fat\" \/>\n<script type=\"application\/ld+json\" class=\"yoast-schema-graph\">{\"@context\":\"https:\/\/schema.org\",\"@graph\":[{\"@type\":\"WebPage\",\"@id\":\"https:\/\/mlbuilding.com\/contact\/\",\"url\":\"https:\/\/mlbuilding.com\/contact\/\",\"name\":\"Contact - Mlbuilding MLB Construction company near me Ho Chi Minh\",\"isPartOf\":{\"@id\":\"https:\/\/mlbuilding.com\/#website\"},\"primaryImageOfPage\":{\"@id\":\"https:\/\/mlbuilding.com\/contact\/#primaryimage\"},\"image\":{\"@id\":\"https:\/\/mlbuilding.com\/contact\/#primaryimage\"},\"thumbnailUrl\":\"http:\/\/mlbuilding.com\/wp-content\/uploads\/2020\/04\/ava4.png\",\"datePublished\":\"2020-04-20T08:26:30+00:00\",\"dateModified\":\"2025-11-07T01:07:50+00:00\",\"description\":\"Contact MLB, the premier construction company in Ho Chi Minh City, specializing in commercial and industrial projects with a skilled team.\",\"breadcrumb\":{\"@id\":\"https:\/\/mlbuilding.com\/contact\/#breadcrumb\"},\"inLanguage\":\"vi\",\"potentialAction\":[{\"@type\":\"ReadAction\",\"target\":[\"https:\/\/mlbuilding.com\/contact\/\"]}]},{\"@type\":\"ImageObject\",\"inLanguage\":\"vi\",\"@id\":\"https:\/\/mlbuilding.com\/contact\/#primaryimage\",\"url\":\"http:\/\/mlbuilding.com\/wp-content\/uploads\/2020\/04\/ava4.png\",\"contentUrl\":\"http:\/\/mlbuilding.com\/wp-content\/uploads\/2020\/04\/ava4.png\"},{\"@type\":\"BreadcrumbList\",\"@id\":\"https:\/\/mlbuilding.com\/contact\/#breadcrumb\",\"itemListElement\":[{\"@type\":\"ListItem\",\"position\":1,\"name\":\"Home\",\"item\":\"https:\/\/mlbuilding.com\/\"},{\"@type\":\"ListItem\",\"position\":2,\"name\":\"Contact\"}]},{\"@type\":\"WebSite\",\"@id\":\"https:\/\/mlbuilding.com\/#website\",\"url\":\"https:\/\/mlbuilding.com\/\",\"name\":\"Mlbuilding\",\"description\":\"Your Trusted Construction Partner in Vietnam\",\"publisher\":{\"@id\":\"https:\/\/mlbuilding.com\/#organization\"},\"alternateName\":\"MLB - Minh Lam Building\",\"potentialAction\":[{\"@type\":\"SearchAction\",\"target\":{\"@type\":\"EntryPoint\",\"urlTemplate\":\"https:\/\/mlbuilding.com\/?s={search_term_string}\"},\"query-input\":{\"@type\":\"PropertyValueSpecification\",\"valueRequired\":true,\"valueName\":\"search_term_string\"}}],\"inLanguage\":\"vi\"},{\"@type\":\"Organization\",\"@id\":\"https:\/\/mlbuilding.com\/#organization\",\"name\":\"Mlbuilding, MLB, Minh Lam Building\",\"alternateName\":\"MLB - MINH LAM BUILDING\",\"url\":\"https:\/\/mlbuilding.com\/\",\"logo\":{\"@type\":\"ImageObject\",\"inLanguage\":\"vi\",\"@id\":\"https:\/\/mlbuilding.com\/#\/schema\/logo\/image\/\",\"url\":\"https:\/\/mlbuilding.com\/wp-content\/uploads\/2020\/04\/cropped-MLB-logo-4.png\",\"contentUrl\":\"https:\/\/mlbuilding.com\/wp-content\/uploads\/2020\/04\/cropped-MLB-logo-4.png\",\"width\":218,\"height\":126,\"caption\":\"Mlbuilding, MLB, Minh Lam Building\"},\"image\":{\"@id\":\"https:\/\/mlbuilding.com\/#\/schema\/logo\/image\/\"}}]}<\/script>\n<!-- \/ Yoast SEO plugin. -->","yoast_head_json":{"title":"Contact - Mlbuilding MLB Construction company near me Ho Chi Minh","description":"Contact MLB, the premier construction company in Ho Chi Minh City, specializing in commercial and industrial projects with a skilled team.","robots":{"index":"index","follow":"follow","max-snippet":"max-snippet:-1","max-image-preview":"max-image-preview:large","max-video-preview":"max-video-preview:-1"},"canonical":"https:\/\/mlbuilding.com\/vi\/contact\/","og_locale":"vi_VN","og_type":"article","og_title":"Contact - Mlbuilding MLB Construction company near me Ho Chi Minh","og_description":"Contact MLB, the premier construction company in Ho Chi Minh City, specializing in commercial and industrial projects with a skilled team.","og_url":"https:\/\/mlbuilding.com\/vi\/contact\/","og_site_name":"Mlbuilding","article_modified_time":"2025-11-07T01:07:50+00:00","og_image":[{"url":"http:\/\/mlbuilding.com\/wp-content\/uploads\/2020\/04\/ava4.png","type":"","width":"","height":""}],"twitter_card":"summary_large_image","twitter_misc":{"\u01af\u1edbc t\u00ednh th\u1eddi gian \u0111\u1ecdc":"1 ph\u00fat"},"schema":{"@context":"https:\/\/schema.org","@graph":[{"@type":"WebPage","@id":"https:\/\/mlbuilding.com\/contact\/","url":"https:\/\/mlbuilding.com\/contact\/","name":"Contact - Mlbuilding MLB Construction company near me Ho Chi Minh","isPartOf":{"@id":"https:\/\/mlbuilding.com\/#website"},"primaryImageOfPage":{"@id":"https:\/\/mlbuilding.com\/contact\/#primaryimage"},"image":{"@id":"https:\/\/mlbuilding.com\/contact\/#primaryimage"},"thumbnailUrl":"http:\/\/mlbuilding.com\/wp-content\/uploads\/2020\/04\/ava4.png","datePublished":"2020-04-20T08:26:30+00:00","dateModified":"2025-11-07T01:07:50+00:00","description":"Contact MLB, the premier construction company in Ho Chi Minh City, specializing in commercial and industrial projects with a skilled team.","breadcrumb":{"@id":"https:\/\/mlbuilding.com\/contact\/#breadcrumb"},"inLanguage":"vi","potentialAction":[{"@type":"ReadAction","target":["https:\/\/mlbuilding.com\/contact\/"]}]},{"@type":"ImageObject","inLanguage":"vi","@id":"https:\/\/mlbuilding.com\/contact\/#primaryimage","url":"http:\/\/mlbuilding.com\/wp-content\/uploads\/2020\/04\/ava4.png","contentUrl":"http:\/\/mlbuilding.com\/wp-content\/uploads\/2020\/04\/ava4.png"},{"@type":"BreadcrumbList","@id":"https:\/\/mlbuilding.com\/contact\/#breadcrumb","itemListElement":[{"@type":"ListItem","position":1,"name":"Home","item":"https:\/\/mlbuilding.com\/"},{"@type":"ListItem","position":2,"name":"Contact"}]},{"@type":"WebSite","@id":"https:\/\/mlbuilding.com\/#website","url":"https:\/\/mlbuilding.com\/","name":"T\u00f2a nh\u00e0 Mlbuilding","description":"Your Trusted Construction Partner in Vietnam","publisher":{"@id":"https:\/\/mlbuilding.com\/#organization"},"alternateName":"MLB - Minh Lam Building","potentialAction":[{"@type":"SearchAction","target":{"@type":"EntryPoint","urlTemplate":"https:\/\/mlbuilding.com\/?s={search_term_string}"},"query-input":{"@type":"PropertyValueSpecification","valueRequired":true,"valueName":"search_term_string"}}],"inLanguage":"vi"},{"@type":"Organization","@id":"https:\/\/mlbuilding.com\/#organization","name":"Mlbuilding, MLB, Minh Lam Building","alternateName":"MLB - MINH LAM BUILDING","url":"https:\/\/mlbuilding.com\/","logo":{"@type":"ImageObject","inLanguage":"vi","@id":"https:\/\/mlbuilding.com\/#\/schema\/logo\/image\/","url":"https:\/\/mlbuilding.com\/wp-content\/uploads\/2020\/04\/cropped-MLB-logo-4.png","contentUrl":"https:\/\/mlbuilding.com\/wp-content\/uploads\/2020\/04\/cropped-MLB-logo-4.png","width":218,"height":126,"caption":"Mlbuilding, MLB, Minh Lam Building"},"image":{"@id":"https:\/\/mlbuilding.com\/#\/schema\/logo\/image\/"}}]}},"_links":{"self":[{"href":"https:\/\/mlbuilding.com\/vi\/wp-json\/wp\/v2\/pages\/220","targetHints":{"allow":["GET"]}}],"collection":[{"href":"https:\/\/mlbuilding.com\/vi\/wp-json\/wp\/v2\/pages"}],"about":[{"href":"https:\/\/mlbuilding.com\/vi\/wp-json\/wp\/v2\/types\/page"}],"author":[{"embeddable":true,"href":"https:\/\/mlbuilding.com\/vi\/wp-json\/wp\/v2\/users\/1"}],"replies":[{"embeddable":true,"href":"https:\/\/mlbuilding.com\/vi\/wp-json\/wp\/v2\/comments?post=220"}],"version-history":[{"count":96,"href":"https:\/\/mlbuilding.com\/vi\/wp-json\/wp\/v2\/pages\/220\/revisions"}],"predecessor-version":[{"id":2434,"href":"https:\/\/mlbuilding.com\/vi\/wp-json\/wp\/v2\/pages\/220\/revisions\/2434"}],"wp:attachment":[{"href":"https:\/\/mlbuilding.com\/vi\/wp-json\/wp\/v2\/media?parent=220"}],"curies":[{"name":"wp","href":"https:\/\/api.w.org\/{rel}","templated":true}]}}