{"id":228,"date":"2020-04-20T15:28:18","date_gmt":"2020-04-20T08:28:18","guid":{"rendered":"http:\/\/mlbuilding.com\/?page_id=228"},"modified":"2025-11-07T08:36:17","modified_gmt":"2025-11-07T01:36:17","slug":"industrial","status":"publish","type":"page","link":"https:\/\/mlbuilding.com\/vi\/project\/industrial\/","title":{"rendered":"C\u00f4ng nghi\u1ec7p"},"content":{"rendered":"<div data-elementor-type=\"wp-page\" data-elementor-id=\"228\" class=\"elementor elementor-228\">\n\t\t\t\t\t\t<section class=\"elementor-section elementor-top-section elementor-element elementor-element-b2f8fb4 elementor-section-content-middle elementor-section-boxed elementor-section-height-default elementor-section-height-default\" data-id=\"b2f8fb4\" data-element_type=\"section\">\n\t\t\t\t\t\t<div class=\"elementor-container elementor-column-gap-wide\">\n\t\t\t\t\t<div class=\"elementor-column elementor-col-33 elementor-top-column elementor-element elementor-element-180dea34\" data-id=\"180dea34\" data-element_type=\"column\">\n\t\t\t<div class=\"elementor-widget-wrap elementor-element-populated\">\n\t\t\t\t\t\t<div class=\"elementor-element elementor-element-4b29d2b0 elementor-absolute elementor-widget elementor-widget-heading\" data-id=\"4b29d2b0\" data-element_type=\"widget\" data-settings=\"{&quot;_position&quot;:&quot;absolute&quot;}\" data-widget_type=\"heading.default\">\n\t\t\t\t<div class=\"elementor-widget-container\">\n\t\t\t\t\t<h3 class=\"elementor-heading-title elementor-size-default\"><strong>C\u00d4NG NGHI\u1ec6P<\/strong> D\u1ef0 \u00c1N<br><br><\/h3>\t\t\t\t<\/div>\n\t\t\t\t<\/div>\n\t\t\t\t<div class=\"elementor-element elementor-element-20d469f5 elementor-absolute elementor-hidden-phone elementor-widget elementor-widget-image\" data-id=\"20d469f5\" data-element_type=\"widget\" data-settings=\"{&quot;_position&quot;:&quot;absolute&quot;}\" data-widget_type=\"image.default\">\n\t\t\t\t<div class=\"elementor-widget-container\">\n\t\t\t\t\t\t\t\t\t\t\t\t\t\t\t<img fetchpriority=\"high\" decoding=\"async\" width=\"354\" height=\"533\" src=\"https:\/\/mlbuilding.com\/wp-content\/uploads\/2020\/05\/plomb21.png\" class=\"elementor-animation-grow attachment-large size-large wp-image-2040\" alt=\"\" srcset=\"https:\/\/mlbuilding.com\/wp-content\/uploads\/2020\/05\/plomb21.png 354w, https:\/\/mlbuilding.com\/wp-content\/uploads\/2020\/05\/plomb21-199x300.png 199w\" sizes=\"(max-width: 354px) 100vw, 354px\" \/>\t\t\t\t\t\t\t\t\t\t\t\t\t\t\t<\/div>\n\t\t\t\t<\/div>\n\t\t\t\t\t<\/div>\n\t\t<\/div>\n\t\t\t\t<div class=\"elementor-column elementor-col-33 elementor-top-column elementor-element elementor-element-2676b84c\" data-id=\"2676b84c\" data-element_type=\"column\">\n\t\t\t<div class=\"elementor-widget-wrap elementor-element-populated\">\n\t\t\t\t\t\t<div class=\"elementor-element elementor-element-7738b283 elementor-widget elementor-widget-image\" data-id=\"7738b283\" data-element_type=\"widget\" data-widget_type=\"image.default\">\n\t\t\t\t<div class=\"elementor-widget-container\">\n\t\t\t\t\t\t\t\t\t\t\t\t\t\t\t<img decoding=\"async\" width=\"354\" height=\"534\" src=\"https:\/\/mlbuilding.com\/wp-content\/uploads\/2020\/05\/plomb22.png\" class=\"elementor-animation-grow attachment-medium_large size-medium_large wp-image-2039\" alt=\"\" srcset=\"https:\/\/mlbuilding.com\/wp-content\/uploads\/2020\/05\/plomb22.png 354w, https:\/\/mlbuilding.com\/wp-content\/uploads\/2020\/05\/plomb22-199x300.png 199w\" sizes=\"(max-width: 354px) 100vw, 354px\" \/>\t\t\t\t\t\t\t\t\t\t\t\t\t\t\t<\/div>\n\t\t\t\t<\/div>\n\t\t\t\t<div class=\"elementor-element elementor-element-48b5d1ad elementor-absolute elementor-widget elementor-widget-text-editor\" data-id=\"48b5d1ad\" data-element_type=\"widget\" data-settings=\"{&quot;_position&quot;:&quot;absolute&quot;}\" data-widget_type=\"text-editor.default\">\n\t\t\t\t<div class=\"elementor-widget-container\">\n\t\t\t\t\t\t\t\t\t<p>Ch\u00fang t\u00f4i gi\u00fap c\u00e1c c\u00f4ng ty x\u00e2y d\u1ef1ng n\u01a1i s\u1ea3n xu\u1ea5t, nh\u00e0 m\u00e1y, kho b\u00e3i v\u00e0 nhi\u1ec1u lo\u1ea1i h\u00ecnh c\u00f4ng tr\u00ecnh c\u00f4ng nghi\u1ec7p kh\u00e1c.<\/p><p>Ch\u00fang t\u00f4i t\u00f4n tr\u1ecdng c\u00e1c ti\u00eau chu\u1ea9n do kh\u00e1ch h\u00e0ng \u0111\u1eb7t ra v\u00e0 y\u00eau c\u1ea7u, c\u0169ng nh\u01b0 th\u1eddi h\u1ea1n v\u00e0 ng\u00e2n s\u00e1ch c\u1ee7a h\u1ecd.<\/p>\t\t\t\t\t\t\t\t<\/div>\n\t\t\t\t<\/div>\n\t\t\t\t\t<\/div>\n\t\t<\/div>\n\t\t\t\t<div class=\"elementor-column elementor-col-33 elementor-top-column elementor-element elementor-element-51d09b26\" data-id=\"51d09b26\" data-element_type=\"column\">\n\t\t\t<div class=\"elementor-widget-wrap elementor-element-populated\">\n\t\t\t\t\t\t<div class=\"elementor-element elementor-element-20e39172 elementor-absolute elementor-hidden-phone elementor-widget elementor-widget-image\" data-id=\"20e39172\" data-element_type=\"widget\" data-settings=\"{&quot;_position&quot;:&quot;absolute&quot;}\" data-widget_type=\"image.default\">\n\t\t\t\t<div class=\"elementor-widget-container\">\n\t\t\t\t\t\t\t\t\t\t\t\t\t\t\t<img decoding=\"async\" width=\"355\" height=\"533\" src=\"https:\/\/mlbuilding.com\/wp-content\/uploads\/2020\/05\/plomb23.png\" class=\"elementor-animation-grow attachment-full size-full wp-image-2038\" alt=\"\" srcset=\"https:\/\/mlbuilding.com\/wp-content\/uploads\/2020\/05\/plomb23.png 355w, https:\/\/mlbuilding.com\/wp-content\/uploads\/2020\/05\/plomb23-200x300.png 200w\" sizes=\"(max-width: 355px) 100vw, 355px\" \/>\t\t\t\t\t\t\t\t\t\t\t\t\t\t\t<\/div>\n\t\t\t\t<\/div>\n\t\t\t\t\t<\/div>\n\t\t<\/div>\n\t\t\t\t\t<\/div>\n\t\t<\/section>\n\t\t\t\t<section class=\"elementor-section elementor-top-section elementor-element elementor-element-ba4edeb elementor-section-boxed elementor-section-height-default elementor-section-height-default\" data-id=\"ba4edeb\" data-element_type=\"section\">\n\t\t\t\t\t\t<div class=\"elementor-container elementor-column-gap-default\">\n\t\t\t\t\t<div class=\"elementor-column elementor-col-33 elementor-top-column elementor-element elementor-element-8690e4c\" data-id=\"8690e4c\" data-element_type=\"column\">\n\t\t\t<div class=\"elementor-widget-wrap\">\n\t\t\t\t\t\t\t<\/div>\n\t\t<\/div>\n\t\t\t\t<div class=\"elementor-column elementor-col-66 elementor-top-column elementor-element elementor-element-84882f7\" data-id=\"84882f7\" data-element_type=\"column\">\n\t\t\t<div class=\"elementor-widget-wrap elementor-element-populated\">\n\t\t\t\t\t\t<div class=\"elementor-element elementor-element-d7ff25a elementor-hidden-phone elementor-widget elementor-widget-image\" data-id=\"d7ff25a\" data-element_type=\"widget\" data-widget_type=\"image.default\">\n\t\t\t\t<div class=\"elementor-widget-container\">\n\t\t\t\t\t\t\t\t\t\t\t\t\t\t\t<img loading=\"lazy\" decoding=\"async\" width=\"1024\" height=\"549\" src=\"https:\/\/mlbuilding.com\/wp-content\/uploads\/2020\/05\/industry-1801661_1920-1-1024x549.jpg\" class=\"attachment-large size-large wp-image-1040\" alt=\"\" srcset=\"https:\/\/mlbuilding.com\/wp-content\/uploads\/2020\/05\/industry-1801661_1920-1-1024x549.jpg 1024w, https:\/\/mlbuilding.com\/wp-content\/uploads\/2020\/05\/industry-1801661_1920-1-300x161.jpg 300w, https:\/\/mlbuilding.com\/wp-content\/uploads\/2020\/05\/industry-1801661_1920-1-768x412.jpg 768w, https:\/\/mlbuilding.com\/wp-content\/uploads\/2020\/05\/industry-1801661_1920-1-1536x823.jpg 1536w, https:\/\/mlbuilding.com\/wp-content\/uploads\/2020\/05\/industry-1801661_1920-1.jpg 1920w\" sizes=\"(max-width: 1024px) 100vw, 1024px\" \/>\t\t\t\t\t\t\t\t\t\t\t\t\t\t\t<\/div>\n\t\t\t\t<\/div>\n\t\t\t\t\t<\/div>\n\t\t<\/div>\n\t\t\t\t\t<\/div>\n\t\t<\/section>\n\t\t\t\t<section class=\"elementor-section elementor-top-section elementor-element elementor-element-d9584f6 elementor-section-boxed elementor-section-height-default elementor-section-height-default\" data-id=\"d9584f6\" data-element_type=\"section\">\n\t\t\t\t\t\t<div class=\"elementor-container elementor-column-gap-default\">\n\t\t\t\t\t<div class=\"elementor-column elementor-col-66 elementor-top-column elementor-element elementor-element-c76421d\" data-id=\"c76421d\" data-element_type=\"column\">\n\t\t\t<div class=\"elementor-widget-wrap elementor-element-populated\">\n\t\t\t\t\t\t<div class=\"elementor-element elementor-element-2d87eec elementor-widget elementor-widget-image\" data-id=\"2d87eec\" data-element_type=\"widget\" data-widget_type=\"image.default\">\n\t\t\t\t<div class=\"elementor-widget-container\">\n\t\t\t\t\t\t\t\t\t\t\t\t\t\t\t<img loading=\"lazy\" decoding=\"async\" width=\"960\" height=\"540\" src=\"https:\/\/mlbuilding.com\/wp-content\/uploads\/2020\/04\/10-1.jpg\" class=\"attachment-large size-large wp-image-719\" alt=\"\" srcset=\"https:\/\/mlbuilding.com\/wp-content\/uploads\/2020\/04\/10-1.jpg 960w, https:\/\/mlbuilding.com\/wp-content\/uploads\/2020\/04\/10-1-300x169.jpg 300w, https:\/\/mlbuilding.com\/wp-content\/uploads\/2020\/04\/10-1-768x432.jpg 768w\" sizes=\"(max-width: 960px) 100vw, 960px\" \/>\t\t\t\t\t\t\t\t\t\t\t\t\t\t\t<\/div>\n\t\t\t\t<\/div>\n\t\t\t\t\t<\/div>\n\t\t<\/div>\n\t\t\t\t<div class=\"elementor-column elementor-col-33 elementor-top-column elementor-element elementor-element-8b90532\" data-id=\"8b90532\" data-element_type=\"column\">\n\t\t\t<div class=\"elementor-widget-wrap elementor-element-populated\">\n\t\t\t\t\t\t<div class=\"elementor-element elementor-element-d9a0df0 elementor-widget__width-inherit elementor-absolute elementor-hidden-phone elementor-widget elementor-widget-image\" data-id=\"d9a0df0\" data-element_type=\"widget\" data-settings=\"{&quot;_position&quot;:&quot;absolute&quot;}\" data-widget_type=\"image.default\">\n\t\t\t\t<div class=\"elementor-widget-container\">\n\t\t\t\t\t\t\t\t\t\t\t\t\t\t\t<img loading=\"lazy\" decoding=\"async\" width=\"450\" height=\"245\" src=\"https:\/\/mlbuilding.com\/wp-content\/uploads\/2020\/05\/unnamed.png\" class=\"attachment-medium_large size-medium_large wp-image-1033\" alt=\"\" srcset=\"https:\/\/mlbuilding.com\/wp-content\/uploads\/2020\/05\/unnamed.png 450w, https:\/\/mlbuilding.com\/wp-content\/uploads\/2020\/05\/unnamed-300x163.png 300w\" sizes=\"(max-width: 450px) 100vw, 450px\" \/>\t\t\t\t\t\t\t\t\t\t\t\t\t\t\t<\/div>\n\t\t\t\t<\/div>\n\t\t\t\t\t<\/div>\n\t\t<\/div>\n\t\t\t\t\t<\/div>\n\t\t<\/section>\n\t\t\t\t<section class=\"elementor-section elementor-top-section elementor-element elementor-element-6909e49 elementor-section-boxed elementor-section-height-default elementor-section-height-default\" data-id=\"6909e49\" data-element_type=\"section\">\n\t\t\t\t\t\t<div class=\"elementor-container elementor-column-gap-no\">\n\t\t\t\t\t<div class=\"elementor-column elementor-col-66 elementor-top-column elementor-element elementor-element-421119f\" data-id=\"421119f\" data-element_type=\"column\">\n\t\t\t<div class=\"elementor-widget-wrap elementor-element-populated\">\n\t\t\t\t\t\t<section class=\"elementor-section elementor-inner-section elementor-element elementor-element-6c522f6 elementor-section-boxed elementor-section-height-default elementor-section-height-default\" data-id=\"6c522f6\" data-element_type=\"section\">\n\t\t\t\t\t\t<div class=\"elementor-container elementor-column-gap-default\">\n\t\t\t\t\t<div class=\"elementor-column elementor-col-100 elementor-inner-column elementor-element elementor-element-9722d07\" data-id=\"9722d07\" data-element_type=\"column\">\n\t\t\t<div class=\"elementor-widget-wrap elementor-element-populated\">\n\t\t\t\t\t\t<div class=\"elementor-element elementor-element-ea46633 elementor-hidden-phone elementor-widget elementor-widget-image\" data-id=\"ea46633\" data-element_type=\"widget\" data-widget_type=\"image.default\">\n\t\t\t\t<div class=\"elementor-widget-container\">\n\t\t\t\t\t\t\t\t\t\t\t\t\t\t\t<img decoding=\"async\" src=\"https:\/\/mlbuilding.com\/wp-content\/uploads\/elementor\/thumbs\/buildingpic-p8vln0yvjobc16htikh9wsvdu5ao8bfr7okwk8spwo.png\" title=\"h\u00ecnh \u1ea3nh t\u00f2a nh\u00e0\" alt=\"buildingpic\" loading=\"lazy\" \/>\t\t\t\t\t\t\t\t\t\t\t\t\t\t\t<\/div>\n\t\t\t\t<\/div>\n\t\t\t\t<div class=\"elementor-element elementor-element-bcfef7d elementor-align-center elementor-absolute elementor-mobile-align-center elementor-widget elementor-widget-button\" data-id=\"bcfef7d\" data-element_type=\"widget\" data-settings=\"{&quot;_position&quot;:&quot;absolute&quot;}\" data-widget_type=\"button.default\">\n\t\t\t\t<div class=\"elementor-widget-container\">\n\t\t\t\t\t\t\t\t\t<div class=\"elementor-button-wrapper\">\n\t\t\t\t\t<a class=\"elementor-button elementor-button-link elementor-size-xl\" href=\"https:\/\/mlbuilding.com\/wp-content\/uploads\/2025\/11\/PROFILE-MLB-INDUSTRIAL.pdf\" target=\"_blank\">\n\t\t\t\t\t\t<span class=\"elementor-button-content-wrapper\">\n\t\t\t\t\t\t\t\t\t<span class=\"elementor-button-text\">T\u1ea3i xu\u1ed1ng t\u00e0i li\u1ec7u qu\u1ea3ng c\u00e1o<\/span>\n\t\t\t\t\t<\/span>\n\t\t\t\t\t<\/a>\n\t\t\t\t<\/div>\n\t\t\t\t\t\t\t\t<\/div>\n\t\t\t\t<\/div>\n\t\t\t\t\t<\/div>\n\t\t<\/div>\n\t\t\t\t\t<\/div>\n\t\t<\/section>\n\t\t\t\t\t<\/div>\n\t\t<\/div>\n\t\t\t\t<div class=\"elementor-column elementor-col-33 elementor-top-column elementor-element elementor-element-b3eaeb3\" data-id=\"b3eaeb3\" data-element_type=\"column\">\n\t\t\t<div class=\"elementor-widget-wrap elementor-element-populated\">\n\t\t\t\t\t\t<div class=\"elementor-element elementor-element-a80236b elementor-widget elementor-widget-image\" data-id=\"a80236b\" data-element_type=\"widget\" data-widget_type=\"image.default\">\n\t\t\t\t<div class=\"elementor-widget-container\">\n\t\t\t\t\t\t\t\t\t\t\t\t\t\t\t<img loading=\"lazy\" decoding=\"async\" width=\"960\" height=\"720\" src=\"https:\/\/mlbuilding.com\/wp-content\/uploads\/2020\/04\/21740626_1396523167121754_8367717775653991732_n-1.jpg\" class=\"attachment-large size-large wp-image-720\" alt=\"\" srcset=\"https:\/\/mlbuilding.com\/wp-content\/uploads\/2020\/04\/21740626_1396523167121754_8367717775653991732_n-1.jpg 960w, https:\/\/mlbuilding.com\/wp-content\/uploads\/2020\/04\/21740626_1396523167121754_8367717775653991732_n-1-300x225.jpg 300w, https:\/\/mlbuilding.com\/wp-content\/uploads\/2020\/04\/21740626_1396523167121754_8367717775653991732_n-1-768x576.jpg 768w\" sizes=\"(max-width: 960px) 100vw, 960px\" \/>\t\t\t\t\t\t\t\t\t\t\t\t\t\t\t<\/div>\n\t\t\t\t<\/div>\n\t\t\t\t\t<\/div>\n\t\t<\/div>\n\t\t\t\t\t<\/div>\n\t\t<\/section>\n\t\t\t\t<\/div>","protected":false},"excerpt":{"rendered":"<p>INDUSTRIAL PROJECTS We help companies to build their production site,factories, warehouses and many other type of industrial building. We respect the norms imposed and required by our clients, as well as their deadline and budget. Download brochure<\/p>","protected":false},"author":1,"featured_media":0,"parent":209,"menu_order":1,"comment_status":"closed","ping_status":"closed","template":"elementor_header_footer","meta":{"site-sidebar-layout":"default","site-content-layout":"default","ast-site-content-layout":"default","site-content-style":"default","site-sidebar-style":"default","ast-global-header-display":"","ast-banner-title-visibility":"","ast-main-header-display":"","ast-hfb-above-header-display":"","ast-hfb-below-header-display":"","ast-hfb-mobile-header-display":"","site-post-title":"","ast-breadcrumbs-content":"","ast-featured-img":"","footer-sml-layout":"","theme-transparent-header-meta":"default","adv-header-id-meta":"","stick-header-meta":"","header-above-stick-meta":"","header-main-stick-meta":"","header-below-stick-meta":"","astra-migrate-meta-layouts":"set","ast-page-background-enabled":"default","ast-page-background-meta":{"desktop":{"background-color":"","background-image":"","background-repeat":"repeat","background-position":"center center","background-size":"auto","background-attachment":"scroll","background-type":"","background-media":"","overlay-type":"","overlay-color":"","overlay-gradient":""},"tablet":{"background-color":"","background-image":"","background-repeat":"repeat","background-position":"center center","background-size":"auto","background-attachment":"scroll","background-type":"","background-media":"","overlay-type":"","overlay-color":"","overlay-gradient":""},"mobile":{"background-color":"","background-image":"","background-repeat":"repeat","background-position":"center center","background-size":"auto","background-attachment":"scroll","background-type":"","background-media":"","overlay-type":"","overlay-color":"","overlay-gradient":""}},"ast-content-background-meta":{"desktop":{"background-color":"var(--ast-global-color-5)","background-image":"","background-repeat":"repeat","background-position":"center center","background-size":"auto","background-attachment":"scroll","background-type":"","background-media":"","overlay-type":"","overlay-color":"","overlay-gradient":""},"tablet":{"background-color":"var(--ast-global-color-5)","background-image":"","background-repeat":"repeat","background-position":"center center","background-size":"auto","background-attachment":"scroll","background-type":"","background-media":"","overlay-type":"","overlay-color":"","overlay-gradient":""},"mobile":{"background-color":"var(--ast-global-color-5)","background-image":"","background-repeat":"repeat","background-position":"center center","background-size":"auto","background-attachment":"scroll","background-type":"","background-media":"","overlay-type":"","overlay-color":"","overlay-gradient":""}},"footnotes":""},"class_list":["post-228","page","type-page","status-publish","hentry"],"yoast_head":"<!-- This site is optimized with the Yoast SEO plugin v26.3 - https:\/\/yoast.com\/wordpress\/plugins\/seo\/ -->\n<title>Industrial - Mlbuilding MLB Industrial project Ho chi minh Vietnam<\/title>\n<meta name=\"description\" content=\"ML Building (MLB) a professional construction company in Ho Chi Minh City, Vietnam, Our professional industrial projects. Contact us !\" \/>\n<meta name=\"robots\" content=\"index, follow, max-snippet:-1, max-image-preview:large, max-video-preview:-1\" \/>\n<link rel=\"canonical\" href=\"https:\/\/mlbuilding.com\/vi\/project\/industrial\/\" \/>\n<meta property=\"og:locale\" content=\"vi_VN\" \/>\n<meta property=\"og:type\" content=\"article\" \/>\n<meta property=\"og:title\" content=\"Industrial - Mlbuilding MLB Industrial project Ho chi minh Vietnam\" \/>\n<meta property=\"og:description\" content=\"ML Building (MLB) a professional construction company in Ho Chi Minh City, Vietnam, Our professional industrial projects. Contact us !\" \/>\n<meta property=\"og:url\" content=\"https:\/\/mlbuilding.com\/vi\/project\/industrial\/\" \/>\n<meta property=\"og:site_name\" content=\"Mlbuilding\" \/>\n<meta property=\"article:modified_time\" content=\"2025-11-07T01:36:17+00:00\" \/>\n<meta property=\"og:image\" content=\"https:\/\/mlbuilding.com\/wp-content\/uploads\/2020\/05\/plomb21.png\" \/>\n<meta name=\"twitter:card\" content=\"summary_large_image\" \/>\n<meta name=\"twitter:label1\" content=\"\u01af\u1edbc t\u00ednh th\u1eddi gian \u0111\u1ecdc\" \/>\n\t<meta name=\"twitter:data1\" content=\"2 ph\u00fat\" \/>\n<script type=\"application\/ld+json\" class=\"yoast-schema-graph\">{\"@context\":\"https:\/\/schema.org\",\"@graph\":[{\"@type\":\"WebPage\",\"@id\":\"https:\/\/mlbuilding.com\/project\/industrial\/\",\"url\":\"https:\/\/mlbuilding.com\/project\/industrial\/\",\"name\":\"Industrial - Mlbuilding MLB Industrial project Ho chi minh Vietnam\",\"isPartOf\":{\"@id\":\"https:\/\/mlbuilding.com\/#website\"},\"primaryImageOfPage\":{\"@id\":\"https:\/\/mlbuilding.com\/project\/industrial\/#primaryimage\"},\"image\":{\"@id\":\"https:\/\/mlbuilding.com\/project\/industrial\/#primaryimage\"},\"thumbnailUrl\":\"https:\/\/mlbuilding.com\/wp-content\/uploads\/2020\/05\/plomb21.png\",\"datePublished\":\"2020-04-20T08:28:18+00:00\",\"dateModified\":\"2025-11-07T01:36:17+00:00\",\"description\":\"ML Building (MLB) a professional construction company in Ho Chi Minh City, Vietnam, Our professional industrial projects. Contact us !\",\"breadcrumb\":{\"@id\":\"https:\/\/mlbuilding.com\/project\/industrial\/#breadcrumb\"},\"inLanguage\":\"vi\",\"potentialAction\":[{\"@type\":\"ReadAction\",\"target\":[\"https:\/\/mlbuilding.com\/project\/industrial\/\"]}]},{\"@type\":\"ImageObject\",\"inLanguage\":\"vi\",\"@id\":\"https:\/\/mlbuilding.com\/project\/industrial\/#primaryimage\",\"url\":\"https:\/\/mlbuilding.com\/wp-content\/uploads\/2020\/05\/plomb21.png\",\"contentUrl\":\"https:\/\/mlbuilding.com\/wp-content\/uploads\/2020\/05\/plomb21.png\"},{\"@type\":\"BreadcrumbList\",\"@id\":\"https:\/\/mlbuilding.com\/project\/industrial\/#breadcrumb\",\"itemListElement\":[{\"@type\":\"ListItem\",\"position\":1,\"name\":\"Home\",\"item\":\"https:\/\/mlbuilding.com\/\"},{\"@type\":\"ListItem\",\"position\":2,\"name\":\"Projects\",\"item\":\"https:\/\/mlbuilding.com\/project\/\"},{\"@type\":\"ListItem\",\"position\":3,\"name\":\"Industrial\"}]},{\"@type\":\"WebSite\",\"@id\":\"https:\/\/mlbuilding.com\/#website\",\"url\":\"https:\/\/mlbuilding.com\/\",\"name\":\"Mlbuilding\",\"description\":\"Your Trusted Construction Partner in Vietnam\",\"publisher\":{\"@id\":\"https:\/\/mlbuilding.com\/#organization\"},\"alternateName\":\"MLB - Minh Lam Building\",\"potentialAction\":[{\"@type\":\"SearchAction\",\"target\":{\"@type\":\"EntryPoint\",\"urlTemplate\":\"https:\/\/mlbuilding.com\/?s={search_term_string}\"},\"query-input\":{\"@type\":\"PropertyValueSpecification\",\"valueRequired\":true,\"valueName\":\"search_term_string\"}}],\"inLanguage\":\"vi\"},{\"@type\":\"Organization\",\"@id\":\"https:\/\/mlbuilding.com\/#organization\",\"name\":\"Mlbuilding, MLB, Minh Lam Building\",\"alternateName\":\"MLB - MINH LAM BUILDING\",\"url\":\"https:\/\/mlbuilding.com\/\",\"logo\":{\"@type\":\"ImageObject\",\"inLanguage\":\"vi\",\"@id\":\"https:\/\/mlbuilding.com\/#\/schema\/logo\/image\/\",\"url\":\"https:\/\/mlbuilding.com\/wp-content\/uploads\/2020\/04\/cropped-MLB-logo-4.png\",\"contentUrl\":\"https:\/\/mlbuilding.com\/wp-content\/uploads\/2020\/04\/cropped-MLB-logo-4.png\",\"width\":218,\"height\":126,\"caption\":\"Mlbuilding, MLB, Minh Lam Building\"},\"image\":{\"@id\":\"https:\/\/mlbuilding.com\/#\/schema\/logo\/image\/\"}}]}<\/script>\n<!-- \/ Yoast SEO plugin. -->","yoast_head_json":{"title":"Industrial - Mlbuilding MLB Industrial project Ho chi minh Vietnam","description":"ML Building (MLB) a professional construction company in Ho Chi Minh City, Vietnam, Our professional industrial projects. Contact us !","robots":{"index":"index","follow":"follow","max-snippet":"max-snippet:-1","max-image-preview":"max-image-preview:large","max-video-preview":"max-video-preview:-1"},"canonical":"https:\/\/mlbuilding.com\/vi\/project\/industrial\/","og_locale":"vi_VN","og_type":"article","og_title":"Industrial - Mlbuilding MLB Industrial project Ho chi minh Vietnam","og_description":"ML Building (MLB) a professional construction company in Ho Chi Minh City, Vietnam, Our professional industrial projects. Contact us !","og_url":"https:\/\/mlbuilding.com\/vi\/project\/industrial\/","og_site_name":"Mlbuilding","article_modified_time":"2025-11-07T01:36:17+00:00","og_image":[{"url":"https:\/\/mlbuilding.com\/wp-content\/uploads\/2020\/05\/plomb21.png","type":"","width":"","height":""}],"twitter_card":"summary_large_image","twitter_misc":{"\u01af\u1edbc t\u00ednh th\u1eddi gian \u0111\u1ecdc":"2 ph\u00fat"},"schema":{"@context":"https:\/\/schema.org","@graph":[{"@type":"WebPage","@id":"https:\/\/mlbuilding.com\/project\/industrial\/","url":"https:\/\/mlbuilding.com\/project\/industrial\/","name":"Industrial - Mlbuilding MLB Industrial project Ho chi minh Vietnam","isPartOf":{"@id":"https:\/\/mlbuilding.com\/#website"},"primaryImageOfPage":{"@id":"https:\/\/mlbuilding.com\/project\/industrial\/#primaryimage"},"image":{"@id":"https:\/\/mlbuilding.com\/project\/industrial\/#primaryimage"},"thumbnailUrl":"https:\/\/mlbuilding.com\/wp-content\/uploads\/2020\/05\/plomb21.png","datePublished":"2020-04-20T08:28:18+00:00","dateModified":"2025-11-07T01:36:17+00:00","description":"ML Building (MLB) a professional construction company in Ho Chi Minh City, Vietnam, Our professional industrial projects. Contact us !","breadcrumb":{"@id":"https:\/\/mlbuilding.com\/project\/industrial\/#breadcrumb"},"inLanguage":"vi","potentialAction":[{"@type":"ReadAction","target":["https:\/\/mlbuilding.com\/project\/industrial\/"]}]},{"@type":"ImageObject","inLanguage":"vi","@id":"https:\/\/mlbuilding.com\/project\/industrial\/#primaryimage","url":"https:\/\/mlbuilding.com\/wp-content\/uploads\/2020\/05\/plomb21.png","contentUrl":"https:\/\/mlbuilding.com\/wp-content\/uploads\/2020\/05\/plomb21.png"},{"@type":"BreadcrumbList","@id":"https:\/\/mlbuilding.com\/project\/industrial\/#breadcrumb","itemListElement":[{"@type":"ListItem","position":1,"name":"Home","item":"https:\/\/mlbuilding.com\/"},{"@type":"ListItem","position":2,"name":"Projects","item":"https:\/\/mlbuilding.com\/project\/"},{"@type":"ListItem","position":3,"name":"Industrial"}]},{"@type":"WebSite","@id":"https:\/\/mlbuilding.com\/#website","url":"https:\/\/mlbuilding.com\/","name":"T\u00f2a nh\u00e0 Mlbuilding","description":"Your Trusted Construction Partner in Vietnam","publisher":{"@id":"https:\/\/mlbuilding.com\/#organization"},"alternateName":"MLB - Minh Lam Building","potentialAction":[{"@type":"SearchAction","target":{"@type":"EntryPoint","urlTemplate":"https:\/\/mlbuilding.com\/?s={search_term_string}"},"query-input":{"@type":"PropertyValueSpecification","valueRequired":true,"valueName":"search_term_string"}}],"inLanguage":"vi"},{"@type":"Organization","@id":"https:\/\/mlbuilding.com\/#organization","name":"Mlbuilding, MLB, Minh Lam Building","alternateName":"MLB - MINH LAM BUILDING","url":"https:\/\/mlbuilding.com\/","logo":{"@type":"ImageObject","inLanguage":"vi","@id":"https:\/\/mlbuilding.com\/#\/schema\/logo\/image\/","url":"https:\/\/mlbuilding.com\/wp-content\/uploads\/2020\/04\/cropped-MLB-logo-4.png","contentUrl":"https:\/\/mlbuilding.com\/wp-content\/uploads\/2020\/04\/cropped-MLB-logo-4.png","width":218,"height":126,"caption":"Mlbuilding, MLB, Minh Lam Building"},"image":{"@id":"https:\/\/mlbuilding.com\/#\/schema\/logo\/image\/"}}]}},"_links":{"self":[{"href":"https:\/\/mlbuilding.com\/vi\/wp-json\/wp\/v2\/pages\/228","targetHints":{"allow":["GET"]}}],"collection":[{"href":"https:\/\/mlbuilding.com\/vi\/wp-json\/wp\/v2\/pages"}],"about":[{"href":"https:\/\/mlbuilding.com\/vi\/wp-json\/wp\/v2\/types\/page"}],"author":[{"embeddable":true,"href":"https:\/\/mlbuilding.com\/vi\/wp-json\/wp\/v2\/users\/1"}],"replies":[{"embeddable":true,"href":"https:\/\/mlbuilding.com\/vi\/wp-json\/wp\/v2\/comments?post=228"}],"version-history":[{"count":122,"href":"https:\/\/mlbuilding.com\/vi\/wp-json\/wp\/v2\/pages\/228\/revisions"}],"predecessor-version":[{"id":2440,"href":"https:\/\/mlbuilding.com\/vi\/wp-json\/wp\/v2\/pages\/228\/revisions\/2440"}],"up":[{"embeddable":true,"href":"https:\/\/mlbuilding.com\/vi\/wp-json\/wp\/v2\/pages\/209"}],"wp:attachment":[{"href":"https:\/\/mlbuilding.com\/vi\/wp-json\/wp\/v2\/media?parent=228"}],"curies":[{"name":"wp","href":"https:\/\/api.w.org\/{rel}","templated":true}]}}